{"id":7,"date":"2015-08-14T09:50:54","date_gmt":"2015-08-14T09:50:54","guid":{"rendered":"http:\/\/z461.dev-solution.tk\/en\/ez-egy-minta-oldal-2\/"},"modified":"2019-08-15T21:09:38","modified_gmt":"2019-08-15T21:09:38","slug":"home","status":"publish","type":"page","link":"https:\/\/bakemasters.eu\/en\/","title":{"rendered":"Homepage"},"content":{"rendered":"<h1 style=\"text-align: center;\"><\/h1>\n<p style=\"text-align: center; font-size: 20px;\"><div class=\"product-list \"><h2>Products<\/h2><div class=\"product-walker-container front-page with-slider list-horizontalis\"><div class=\"slider-holder\"><div class=\"product-walker-item\"><div class=\"product-item-holder\"><div class=\"image\"><a href=\"https:\/\/bakemasters.eu\/en\/product_category\/daily-pastries-rolls-and-crescent-rolls\/\"><img decoding=\"async\" src=\"http:\/\/bakemasters.eu\/en\/wp-content\/uploads\/sites\/2\/2015\/09\/napi-peksutemenyek-keszitesehez-javasolt-anyagok_square.jpg\" alt=\"Daily pastries (rolls and crescent rolls)\" \/><\/a><\/div><div class=\"title\"><a href=\"https:\/\/bakemasters.eu\/en\/product_category\/daily-pastries-rolls-and-crescent-rolls\/\">Daily pastries (rolls and crescent rolls)<\/a><\/div><\/div><\/div><div class=\"product-walker-item\"><div class=\"product-item-holder\"><div class=\"image\"><a href=\"https:\/\/bakemasters.eu\/en\/product_category\/recommended-ingredients-for-traditional-fresh-bread\/\"><img decoding=\"async\" src=\"https:\/\/bakemasters.eu\/en\/wp-content\/uploads\/sites\/2\/2015\/09\/friss-hagyomanyos-kenyerek-keszitesehez-javasolt-anyagok_square.jpg\" alt=\"Recommended ingredients for traditional fresh bread\" \/><\/a><\/div><div class=\"title\"><a href=\"https:\/\/bakemasters.eu\/en\/product_category\/recommended-ingredients-for-traditional-fresh-bread\/\">Recommended ingredients for traditional fresh bread<\/a><\/div><\/div><\/div><div class=\"product-walker-item\"><div class=\"product-item-holder\"><div class=\"image\"><a href=\"https:\/\/bakemasters.eu\/en\/product_category\/mixtures-for-pastries\/\"><img decoding=\"async\" src=\"https:\/\/bakemasters.eu\/en\/wp-content\/uploads\/sites\/2\/2015\/09\/keverekek-finompekarukhoz_square.jpg\" alt=\"Mixtures for pastries\" \/><\/a><\/div><div class=\"title\"><a href=\"https:\/\/bakemasters.eu\/en\/product_category\/mixtures-for-pastries\/\">Mixtures for pastries<\/a><\/div><\/div><\/div><div class=\"product-walker-item\"><div class=\"product-item-holder\"><div class=\"image\"><a href=\"https:\/\/bakemasters.eu\/en\/product_category\/bakers-mixtures-recommended-for-products-that-stay-fresh-for-a-long-time\/\"><img decoding=\"async\" src=\"https:\/\/bakemasters.eu\/en\/wp-content\/uploads\/sites\/2\/2015\/09\/hosszan-friss-termekekhez-ajanlott-sutoipari-keverekek_square.jpg\" alt=\"Bakers\u2019 mixtures recommended for products that stay fresh for a long time\" \/><\/a><\/div><div class=\"title\"><a href=\"https:\/\/bakemasters.eu\/en\/product_category\/bakers-mixtures-recommended-for-products-that-stay-fresh-for-a-long-time\/\">Bakers\u2019 mixtures recommended for products that stay fresh for a long time<\/a><\/div><\/div><\/div><div class=\"product-walker-item\"><div class=\"product-item-holder\"><div class=\"image\"><a href=\"https:\/\/bakemasters.eu\/en\/product_category\/surface-treatment\/\"><img decoding=\"async\" src=\"https:\/\/bakemasters.eu\/en\/wp-content\/uploads\/sites\/2\/2015\/09\/feluleti-szoroanyagok-feluletkezelok_square.jpg\" alt=\"Surface treatment\" \/><\/a><\/div><div class=\"title\"><a href=\"https:\/\/bakemasters.eu\/en\/product_category\/surface-treatment\/\">Surface treatment<\/a><\/div><\/div><\/div><div class=\"product-walker-item\"><div class=\"product-item-holder\"><div class=\"image\"><a href=\"https:\/\/bakemasters.eu\/en\/product_category\/aromatizers-and-mixtures-for-bakery-products\/\"><img decoding=\"async\" src=\"https:\/\/bakemasters.eu\/en\/wp-content\/uploads\/sites\/2\/2015\/09\/izesito-anyagok-keverekek-sutoipari-termekekhez_square.jpg\" alt=\"Aromatizers and mixtures for bakery products\" \/><\/a><\/div><div class=\"title\"><a href=\"https:\/\/bakemasters.eu\/en\/product_category\/aromatizers-and-mixtures-for-bakery-products\/\">Aromatizers and mixtures for bakery products<\/a><\/div><\/div><\/div><div class=\"product-walker-item\"><div class=\"product-item-holder\"><div class=\"image\"><a href=\"https:\/\/bakemasters.eu\/en\/product_category\/special-mixtures\/\"><img decoding=\"async\" src=\"https:\/\/bakemasters.eu\/en\/wp-content\/uploads\/sites\/2\/2015\/09\/specialis-keverekek_square.jpg\" alt=\"Special mixtures\" \/><\/a><\/div><div class=\"title\"><a href=\"https:\/\/bakemasters.eu\/en\/product_category\/special-mixtures\/\">Special mixtures<\/a><\/div><\/div><\/div><div class=\"product-walker-item\"><div class=\"product-item-holder\"><div class=\"image\"><a href=\"https:\/\/bakemasters.eu\/en\/product_category\/confectionery-products-and-fillings\/\"><img decoding=\"async\" src=\"https:\/\/bakemasters.eu\/en\/wp-content\/uploads\/sites\/2\/2015\/09\/edesipari-cukraszipari-termekek-toltelekek_square.jpg\" alt=\"Confectionery products and fillings\" \/><\/a><\/div><div class=\"title\"><a href=\"https:\/\/bakemasters.eu\/en\/product_category\/confectionery-products-and-fillings\/\">Confectionery products and fillings<\/a><\/div><\/div><\/div><div class=\"product-walker-item\"><div class=\"product-item-holder\"><div class=\"image\"><a href=\"https:\/\/bakemasters.eu\/en\/product_category\/other-distributed-products\/\"><img decoding=\"async\" src=\"https:\/\/bakemasters.eu\/en\/wp-content\/uploads\/sites\/2\/2015\/09\/egyeb-forgalmazott-termekek_square.jpg\" alt=\"Other distributed products\" \/><\/a><\/div><div class=\"title\"><a href=\"https:\/\/bakemasters.eu\/en\/product_category\/other-distributed-products\/\">Other distributed products<\/a><\/div><\/div><\/div><\/div><div class=\"nav-prev\" title=\"Previous product\"><span class=\"dashicons dashicons-arrow-left\"><\/span><\/div><div class=\"nav-next\" title=\"Next product\"><span class=\"dashicons dashicons-arrow-right\"><\/span><\/div><\/div>\n\t\t\t<script>\n\t\t\t(function($) { \n\t\t\t  $(function() {\n\t\t\t    $('.product-walker-container.with-slider .slider-holder').slick({\n\t\t\t\t  infinite: true,\n\t\t\t\t  slidesToShow: 3,\n\t\t\t\t  slidesToScroll: 1,\n  \t\t\t\t  autoplay: true,\n  \t\t\t\t  speed: 600,\n  \t\t\t\t  centerMode: false,\n  \t\t\t\t  nextArrow: '.nav-next',\n \t\t\t\t  prevArrow: '.nav-prev',\n \t\t\t\t  responsive: [\n\t\t\t\t    {\n\t\t\t\t      breakpoint: 640,\n\t\t\t\t      settings: {\n\t\t\t\t        slidesToShow: 1,\n\t\t\t\t        slidesToScroll: 1,\n\t\t\t\t        infinite: true,\n\t\t\t\t        adaptiveHeight: true\n\t\t\t\t      }\n\t\t\t\t    }\n\t\t\t\t  ]\n\t\t\t\t});\t\n\t\t\t  });\n\t\t\t})(jQuery);\n\t\t\t<\/script><\/p>\n<p style=\"text-align: center;\"><div class=\"product-list \"><h2>Products<\/h2><div class=\"product-walker-container front-page with-slider list-horizontalis\"><div class=\"slider-holder\"><div class=\"product-walker-item\"><div class=\"product-item-holder\"><div class=\"image\"><a href=\"https:\/\/bakemasters.eu\/en\/product_category\/daily-pastries-rolls-and-crescent-rolls\/\"><img decoding=\"async\" src=\"http:\/\/bakemasters.eu\/en\/wp-content\/uploads\/sites\/2\/2015\/09\/napi-peksutemenyek-keszitesehez-javasolt-anyagok_square.jpg\" alt=\"Daily pastries (rolls and crescent rolls)\" \/><\/a><\/div><div class=\"title\"><a href=\"https:\/\/bakemasters.eu\/en\/product_category\/daily-pastries-rolls-and-crescent-rolls\/\">Daily pastries (rolls and crescent rolls)<\/a><\/div><\/div><\/div><div class=\"product-walker-item\"><div class=\"product-item-holder\"><div class=\"image\"><a href=\"https:\/\/bakemasters.eu\/en\/product_category\/recommended-ingredients-for-traditional-fresh-bread\/\"><img decoding=\"async\" src=\"https:\/\/bakemasters.eu\/en\/wp-content\/uploads\/sites\/2\/2015\/09\/friss-hagyomanyos-kenyerek-keszitesehez-javasolt-anyagok_square.jpg\" alt=\"Recommended ingredients for traditional fresh bread\" \/><\/a><\/div><div class=\"title\"><a href=\"https:\/\/bakemasters.eu\/en\/product_category\/recommended-ingredients-for-traditional-fresh-bread\/\">Recommended ingredients for traditional fresh bread<\/a><\/div><\/div><\/div><div class=\"product-walker-item\"><div class=\"product-item-holder\"><div class=\"image\"><a href=\"https:\/\/bakemasters.eu\/en\/product_category\/mixtures-for-pastries\/\"><img decoding=\"async\" src=\"https:\/\/bakemasters.eu\/en\/wp-content\/uploads\/sites\/2\/2015\/09\/keverekek-finompekarukhoz_square.jpg\" alt=\"Mixtures for pastries\" \/><\/a><\/div><div class=\"title\"><a href=\"https:\/\/bakemasters.eu\/en\/product_category\/mixtures-for-pastries\/\">Mixtures for pastries<\/a><\/div><\/div><\/div><div class=\"product-walker-item\"><div class=\"product-item-holder\"><div class=\"image\"><a href=\"https:\/\/bakemasters.eu\/en\/product_category\/bakers-mixtures-recommended-for-products-that-stay-fresh-for-a-long-time\/\"><img decoding=\"async\" src=\"https:\/\/bakemasters.eu\/en\/wp-content\/uploads\/sites\/2\/2015\/09\/hosszan-friss-termekekhez-ajanlott-sutoipari-keverekek_square.jpg\" alt=\"Bakers\u2019 mixtures recommended for products that stay fresh for a long time\" \/><\/a><\/div><div class=\"title\"><a href=\"https:\/\/bakemasters.eu\/en\/product_category\/bakers-mixtures-recommended-for-products-that-stay-fresh-for-a-long-time\/\">Bakers\u2019 mixtures recommended for products that stay fresh for a long time<\/a><\/div><\/div><\/div><div class=\"product-walker-item\"><div class=\"product-item-holder\"><div class=\"image\"><a href=\"https:\/\/bakemasters.eu\/en\/product_category\/surface-treatment\/\"><img decoding=\"async\" src=\"https:\/\/bakemasters.eu\/en\/wp-content\/uploads\/sites\/2\/2015\/09\/feluleti-szoroanyagok-feluletkezelok_square.jpg\" alt=\"Surface treatment\" \/><\/a><\/div><div class=\"title\"><a href=\"https:\/\/bakemasters.eu\/en\/product_category\/surface-treatment\/\">Surface treatment<\/a><\/div><\/div><\/div><div class=\"product-walker-item\"><div class=\"product-item-holder\"><div class=\"image\"><a href=\"https:\/\/bakemasters.eu\/en\/product_category\/aromatizers-and-mixtures-for-bakery-products\/\"><img decoding=\"async\" src=\"https:\/\/bakemasters.eu\/en\/wp-content\/uploads\/sites\/2\/2015\/09\/izesito-anyagok-keverekek-sutoipari-termekekhez_square.jpg\" alt=\"Aromatizers and mixtures for bakery products\" \/><\/a><\/div><div class=\"title\"><a href=\"https:\/\/bakemasters.eu\/en\/product_category\/aromatizers-and-mixtures-for-bakery-products\/\">Aromatizers and mixtures for bakery products<\/a><\/div><\/div><\/div><div class=\"product-walker-item\"><div class=\"product-item-holder\"><div class=\"image\"><a href=\"https:\/\/bakemasters.eu\/en\/product_category\/special-mixtures\/\"><img decoding=\"async\" src=\"https:\/\/bakemasters.eu\/en\/wp-content\/uploads\/sites\/2\/2015\/09\/specialis-keverekek_square.jpg\" alt=\"Special mixtures\" \/><\/a><\/div><div class=\"title\"><a href=\"https:\/\/bakemasters.eu\/en\/product_category\/special-mixtures\/\">Special mixtures<\/a><\/div><\/div><\/div><div class=\"product-walker-item\"><div class=\"product-item-holder\"><div class=\"image\"><a href=\"https:\/\/bakemasters.eu\/en\/product_category\/confectionery-products-and-fillings\/\"><img decoding=\"async\" src=\"https:\/\/bakemasters.eu\/en\/wp-content\/uploads\/sites\/2\/2015\/09\/edesipari-cukraszipari-termekek-toltelekek_square.jpg\" alt=\"Confectionery products and fillings\" \/><\/a><\/div><div class=\"title\"><a href=\"https:\/\/bakemasters.eu\/en\/product_category\/confectionery-products-and-fillings\/\">Confectionery products and fillings<\/a><\/div><\/div><\/div><div class=\"product-walker-item\"><div class=\"product-item-holder\"><div class=\"image\"><a href=\"https:\/\/bakemasters.eu\/en\/product_category\/other-distributed-products\/\"><img decoding=\"async\" src=\"https:\/\/bakemasters.eu\/en\/wp-content\/uploads\/sites\/2\/2015\/09\/egyeb-forgalmazott-termekek_square.jpg\" alt=\"Other distributed products\" \/><\/a><\/div><div class=\"title\"><a href=\"https:\/\/bakemasters.eu\/en\/product_category\/other-distributed-products\/\">Other distributed products<\/a><\/div><\/div><\/div><\/div><div class=\"nav-prev\" title=\"Previous product\"><span class=\"dashicons dashicons-arrow-left\"><\/span><\/div><div class=\"nav-next\" title=\"Next product\"><span class=\"dashicons dashicons-arrow-right\"><\/span><\/div><\/div>\n\t\t\t<script>\n\t\t\t(function($) { \n\t\t\t  $(function() {\n\t\t\t    $('.product-walker-container.with-slider .slider-holder').slick({\n\t\t\t\t  infinite: true,\n\t\t\t\t  slidesToShow: 3,\n\t\t\t\t  slidesToScroll: 1,\n  \t\t\t\t  autoplay: true,\n  \t\t\t\t  speed: 600,\n  \t\t\t\t  centerMode: false,\n  \t\t\t\t  nextArrow: '.nav-next',\n \t\t\t\t  prevArrow: '.nav-prev',\n \t\t\t\t  responsive: [\n\t\t\t\t    {\n\t\t\t\t      breakpoint: 640,\n\t\t\t\t      settings: {\n\t\t\t\t        slidesToShow: 1,\n\t\t\t\t        slidesToScroll: 1,\n\t\t\t\t        infinite: true,\n\t\t\t\t        adaptiveHeight: true\n\t\t\t\t      }\n\t\t\t\t    }\n\t\t\t\t  ]\n\t\t\t\t});\t\n\t\t\t  });\n\t\t\t})(jQuery);\n\t\t\t<\/script><\/p>\n<style>\n   #infoblocka {\n\tdisplay:block;\n\tposition:fixed;\n\tbottom:0;\n\tright:0;\n\tz-index:1000;\n   }\n   #infoblock {\n\tdisplay:none;\n\tposition:fixed;\n\ttop:10%;\n\tleft:21%;\n\twidth:50%;\n\tbackground:#fff;\n\tz-index:10000;\n\tpadding: 0 3% 3% 3%;\n\t-webkit-box-shadow: 0px 0px 15px 1px rgba(0,0,0,0.75);\n\t-moz-box-shadow: 0px 0px 15px 1px rgba(0,0,0,0.75);\n\tbox-shadow: 0px 0px 15px 1px rgba(0,0,0,0.75);\n   }\n   #infoblock p, #infoblock li {\n\tfont-size:14px;\n   }\n   #infoblock h3 {\n\tfont-size:18px;\n\tcolor: #008457;\n   }\n   #closeinfobox {\n\tdisplay:block;\n\tposition:absolute;\n\ttop:20px;\n\tright:20px;\n\tpadding:4px 10px;\n\tfont-size:18px;\n\tcolor: #fff;\n\tbackground: #008457;\n   }\n   @media screen and (max-width: 699px) {\n\t   #infoblocka img {\n\t\twidth: 200px;\n\t   }\n\t   #infoblock {\n\t\ttop:40px;\n\t\tleft:0;\n\t\twidth:94%;\n\t   }\n   }\n<\/style>\n<p><a href=\"#\" id=\"infoblocka\" style=\"\"><img loading=\"lazy\" decoding=\"async\" src=\"http:\/\/backerfield.com\/wp-content\/uploads\/2015\/08\/infoblokk_kedv_final_erfa.png\" alt=\"infoblokk_kedv_final_erfa\" width=\"300\" height=\"210\" class=\"alignnone size-full wp-image-409\" \/><\/a><\/p>\n<div id=\"infoblock\">\n  \t<a href=\"#\" id=\"closeinfobox\">X<\/a><\/p>\n<h3>A projekt adatai<\/h3>\n<ul>\n<li>a kedvezm\u00e9nyezett neve: BACKERFIELD \u00c9LELMISZERKERESKEDELMI Kft.<\/li>\n<li>a projekt c\u00edme: Kapacit\u00e1s b\u0151v\u00edt\u00e9s a Backerfield Kft.-n\u00e9l<\/li>\n<li>a szerz\u0151d\u00f6tt t\u00e1mogat\u00e1s \u00f6sszege: 6 746 500 Ft<\/li>\n<li>a t\u00e1mogat\u00e1s m\u00e9rt\u00e9ke (%-ban): 50%<\/li>\n<\/ul>\n<h3>A projekt tartalm\u00e1nak bemutat\u00e1sa<\/h3>\n<p>Jelen projekt keret\u00e9ben a v\u00e1llalkoz\u00e1s kapacit\u00e1s\u00e1nak b\u0151v\u00edt\u00e9s\u00e9t val\u00f3s\u00edtottuk meg korszer\u0171 eszk\u00f6z\u00f6k berendez\u00e9sek beszerz\u00e9s\u00e9vel.<\/p>\n<p>A beruh\u00e1z\u00e1s sor\u00e1n beszerzett eszk\u00f6z\u00f6k:<\/p>\n<ul>\n<li>f\u00e9mdetektor<\/li>\n<li>fondant gy\u00e1rt\u00f3sor<\/li>\n<li>zsemle- oszt\u00f3 g\u00f6mb\u00f6ly\u00edt\u0151<\/li>\n<li>dagaszt\u00f3g\u00e9p \u00e9s homogeniz\u00e1tor<\/li>\n<\/ul>\n<p>A Projekt befejez\u00e9s\u00e9nek d\u00e1tuma: 2016.12.14.<\/p>\n<p>projekt azonos\u00edt\u00f3 sz\u00e1ma: GINOP-1.2.2-15-2015-00767<\/p>\n<\/div>\n<p><script>\n(function($) { \n  $(function() {\n    $('#infoblocka').on('click', function(){\n      $('#infoblock').fadeIn(300);\n    });\n    $('#closeinfobox').on('click', function(){\n      $('#infoblock').fadeOut(300);\n    });\n  });\n})(jQuery);\n<\/script><\/p>\n","protected":false},"excerpt":{"rendered":"<p>X A projekt adatai a [&hellip;]<\/p>\n","protected":false},"author":1,"featured_media":0,"parent":0,"menu_order":0,"comment_status":"open","ping_status":"closed","template":"","meta":{"footnotes":""},"class_list":["post-7","page","type-page","status-publish","hentry"],"_links":{"self":[{"href":"https:\/\/bakemasters.eu\/en\/wp-json\/wp\/v2\/pages\/7","targetHints":{"allow":["GET"]}}],"collection":[{"href":"https:\/\/bakemasters.eu\/en\/wp-json\/wp\/v2\/pages"}],"about":[{"href":"https:\/\/bakemasters.eu\/en\/wp-json\/wp\/v2\/types\/page"}],"author":[{"embeddable":true,"href":"https:\/\/bakemasters.eu\/en\/wp-json\/wp\/v2\/users\/1"}],"replies":[{"embeddable":true,"href":"https:\/\/bakemasters.eu\/en\/wp-json\/wp\/v2\/comments?post=7"}],"version-history":[{"count":11,"href":"https:\/\/bakemasters.eu\/en\/wp-json\/wp\/v2\/pages\/7\/revisions"}],"predecessor-version":[{"id":248,"href":"https:\/\/bakemasters.eu\/en\/wp-json\/wp\/v2\/pages\/7\/revisions\/248"}],"wp:attachment":[{"href":"https:\/\/bakemasters.eu\/en\/wp-json\/wp\/v2\/media?parent=7"}],"curies":[{"name":"wp","href":"https:\/\/api.w.org\/{rel}","templated":true}]}}